{"id":42,"date":"2021-07-20T14:46:36","date_gmt":"2021-07-20T12:46:36","guid":{"rendered":"https:\/\/www.enlitemedical.com\/?page_id=42"},"modified":"2021-11-16T14:03:34","modified_gmt":"2021-11-16T13:03:34","slug":"over-ziekte-beeld","status":"publish","type":"page","link":"https:\/\/www.enlitemedical.com\/nl\/over-ziekte-beeld\/","title":{"rendered":"Over Ziekte-beeld"},"content":{"rendered":"\n<p><strong>Ziekte-beeld.nl<\/strong> is een platform voor animaties waarmee pati\u00ebnten kunnen worden voorgelicht v\u00f3\u00f3r, tijdens en na hun bezoek aan de polikliniek. Hiermee ontstaat een betere begeleiding voor de pati\u00ebnt, kan het consult in de spreekkamer op een gelijkwaardiger manier plaatsvinden en heeft de arts minder tijdsdruk, en meer aandacht voor de pati\u00ebnt.\u200b<\/p>\n\n\n\n<p>De eerste poliklinieken zijn inmiddels begonnen met testen en het aanbod ziekte-beelden neemt snel toe. Ook een nieuwe ziekte-beeld of andere informatie kan in opdracht tot een begrijpelijke animatie worden vertaald.<strong>\u200b<\/strong><\/p>\n\n\n\n<p><strong>Ge\u00efnteresseerd?<\/strong> Neem contact op via de <a href=\"https:\/\/www.enlitemedical.com\/nl\/contact\/\">contactinformatie<\/a>, en wellicht kunnen we ook bij u op de polikliniek het verschil helpen maken.<\/p>\n\n\n\n<h1 class=\"wp-block-heading\">OVER DE MAKERS<\/h1>\n\n\n\n<p>Ziekte-beeld.nl is gecre\u00eberd door Michiel Vo\u00fbte, Joost de Keijzer en Quirine Starreveld.<\/p>\n\n\n\n<div class=\"wp-block-media-text is-stacked-on-mobile\" style=\"grid-template-columns:20% auto\"><figure class=\"wp-block-media-text__media\"><img loading=\"lazy\" decoding=\"async\" width=\"640\" height=\"640\" src=\"https:\/\/www.enlitemedical.com\/wp-content\/uploads\/2021\/09\/Michiel-ENLITE-cartoon.png\" alt=\"\" class=\"wp-image-224 size-full\" srcset=\"https:\/\/www.enlitemedical.com\/wp-content\/uploads\/2021\/09\/Michiel-ENLITE-cartoon.png 640w, https:\/\/www.enlitemedical.com\/wp-content\/uploads\/2021\/09\/Michiel-ENLITE-cartoon-300x300.png 300w, https:\/\/www.enlitemedical.com\/wp-content\/uploads\/2021\/09\/Michiel-ENLITE-cartoon-150x150.png 150w, https:\/\/www.enlitemedical.com\/wp-content\/uploads\/2021\/09\/Michiel-ENLITE-cartoon-250x250.png 250w, https:\/\/www.enlitemedical.com\/wp-content\/uploads\/2021\/09\/Michiel-ENLITE-cartoon-500x500.png 500w\" sizes=\"auto, (max-width: 640px) 100vw, 640px\" \/><\/figure><div class=\"wp-block-media-text__content\">\n<p>Michiel Vo\u00fbte (<a href=\"http:\/\/www.aaacartoons.nl\">AAA Cartoons<\/a>) is een chirurg en tekenaar, die vanuit het medische werkterrein de behoefte voelde om een gr\u00f3ter verschil te maken. De scripts &amp; tekeningen die de basis vormen van onze pati\u00ebnt informatie komen van zijn pen.<\/p>\n<\/div><\/div>\n\n\n\n<div class=\"wp-block-media-text is-stacked-on-mobile\" style=\"grid-template-columns:20% auto\"><figure class=\"wp-block-media-text__media\"><img loading=\"lazy\" decoding=\"async\" width=\"640\" height=\"640\" src=\"https:\/\/www.enlitemedical.com\/wp-content\/uploads\/2021\/09\/Joost-ENLITE-cartoon.png\" alt=\"\" class=\"wp-image-226 size-full\" srcset=\"https:\/\/www.enlitemedical.com\/wp-content\/uploads\/2021\/09\/Joost-ENLITE-cartoon.png 640w, https:\/\/www.enlitemedical.com\/wp-content\/uploads\/2021\/09\/Joost-ENLITE-cartoon-300x300.png 300w, https:\/\/www.enlitemedical.com\/wp-content\/uploads\/2021\/09\/Joost-ENLITE-cartoon-150x150.png 150w, https:\/\/www.enlitemedical.com\/wp-content\/uploads\/2021\/09\/Joost-ENLITE-cartoon-250x250.png 250w, https:\/\/www.enlitemedical.com\/wp-content\/uploads\/2021\/09\/Joost-ENLITE-cartoon-500x500.png 500w\" sizes=\"auto, (max-width: 640px) 100vw, 640px\" \/><\/figure><div class=\"wp-block-media-text__content\">\n<p>Joost de Keijzer (<a href=\"https:\/\/dkzr.nl\/\">DKZR<\/a>) is een industrieel ontwerper met een ruime ervaring in ICT en een talent om complexe processen toch gebruiksvriendelijk te maken. Hij is het brein achter &#8216;veilig verzenden&#8217; en de persoonlijke video-players voor pati\u00ebnten.   <\/p>\n<\/div><\/div>\n\n\n\n<div class=\"wp-block-media-text is-stacked-on-mobile\" style=\"grid-template-columns:20% auto\"><figure class=\"wp-block-media-text__media\"><img loading=\"lazy\" decoding=\"async\" width=\"640\" height=\"640\" src=\"https:\/\/www.enlitemedical.com\/wp-content\/uploads\/2021\/09\/Quirine-ENLITE-cartoon.png\" alt=\"\" class=\"wp-image-228 size-full\" srcset=\"https:\/\/www.enlitemedical.com\/wp-content\/uploads\/2021\/09\/Quirine-ENLITE-cartoon.png 640w, https:\/\/www.enlitemedical.com\/wp-content\/uploads\/2021\/09\/Quirine-ENLITE-cartoon-300x300.png 300w, https:\/\/www.enlitemedical.com\/wp-content\/uploads\/2021\/09\/Quirine-ENLITE-cartoon-150x150.png 150w, https:\/\/www.enlitemedical.com\/wp-content\/uploads\/2021\/09\/Quirine-ENLITE-cartoon-250x250.png 250w, https:\/\/www.enlitemedical.com\/wp-content\/uploads\/2021\/09\/Quirine-ENLITE-cartoon-500x500.png 500w\" sizes=\"auto, (max-width: 640px) 100vw, 640px\" \/><\/figure><div class=\"wp-block-media-text__content\">\n<p> Quirine Starreveld (<a href=\"http:\/\/www.studioq.nl\">Studio Q<\/a>) is een grafisch ontwerper, creatief en communicatief sterk, met een goed oog voor toegankelijkheid. Dankzij haar inbreng is er een herkenbare stijl, en een rustige omgeving zodat de pati\u00ebnt aandacht houdt voor wat belangrijk is.<\/p>\n<\/div><\/div>\n","protected":false},"excerpt":{"rendered":"<p>Ziekte-beeld.nl is een platform voor animaties waarmee pati\u00ebnten kunnen worden voorgelicht v\u00f3\u00f3r, tijdens en na hun bezoek aan de polikliniek. Hiermee ontstaat een betere begeleiding voor de pati\u00ebnt, kan het consult in de spreekkamer op een gelijkwaardiger manier plaatsvinden en heeft de arts minder tijdsdruk, en meer aandacht voor de pati\u00ebnt.\u200b De eerste poliklinieken zijn [&hellip;]<\/p>\n","protected":false},"author":1,"featured_media":0,"parent":0,"menu_order":0,"comment_status":"closed","ping_status":"closed","template":"","meta":{"footnotes":""},"class_list":["post-42","page","type-page","status-publish","hentry"],"yoast_head":"<!-- This site is optimized with the Yoast SEO plugin v27.4 - https:\/\/yoast.com\/product\/yoast-seo-wordpress\/ -->\n<title>Over Ziekte-beeld - Ziekte-beeld<\/title>\n<meta name=\"robots\" content=\"index, follow, max-snippet:-1, max-image-preview:large, max-video-preview:-1\" \/>\n<link rel=\"canonical\" href=\"https:\/\/www.enlitemedical.com\/nl\/over-ziekte-beeld\/\" \/>\n<meta property=\"og:locale\" content=\"nl_NL\" \/>\n<meta property=\"og:type\" content=\"article\" \/>\n<meta property=\"og:title\" content=\"Over Ziekte-beeld - Ziekte-beeld\" \/>\n<meta property=\"og:description\" content=\"Ziekte-beeld.nl is een platform voor animaties waarmee pati\u00ebnten kunnen worden voorgelicht v\u00f3\u00f3r, tijdens en na hun bezoek aan de polikliniek. Hiermee ontstaat een betere begeleiding voor de pati\u00ebnt, kan het consult in de spreekkamer op een gelijkwaardiger manier plaatsvinden en heeft de arts minder tijdsdruk, en meer aandacht voor de pati\u00ebnt.\u200b De eerste poliklinieken zijn [&hellip;]\" \/>\n<meta property=\"og:url\" content=\"https:\/\/www.enlitemedical.com\/nl\/over-ziekte-beeld\/\" \/>\n<meta property=\"og:site_name\" content=\"Ziekte-beeld\" \/>\n<meta property=\"article:modified_time\" content=\"2021-11-16T13:03:34+00:00\" \/>\n<meta property=\"og:image\" content=\"https:\/\/www.enlitemedical.com\/wp-content\/uploads\/2021\/09\/Michiel-ENLITE-cartoon.png\" \/>\n<meta name=\"twitter:card\" content=\"summary_large_image\" \/>\n<meta name=\"twitter:label1\" content=\"Geschatte leestijd\" \/>\n\t<meta name=\"twitter:data1\" content=\"2 minuten\" \/>\n<script type=\"application\/ld+json\" class=\"yoast-schema-graph\">{\"@context\":\"https:\\\/\\\/schema.org\",\"@graph\":[{\"@type\":\"WebPage\",\"@id\":\"https:\\\/\\\/www.enlitemedical.com\\\/nl\\\/over-ziekte-beeld\\\/\",\"url\":\"https:\\\/\\\/www.enlitemedical.com\\\/nl\\\/over-ziekte-beeld\\\/\",\"name\":\"Over Ziekte-beeld - Ziekte-beeld\",\"isPartOf\":{\"@id\":\"https:\\\/\\\/www.enlitemedical.com\\\/nl\\\/#website\"},\"primaryImageOfPage\":{\"@id\":\"https:\\\/\\\/www.enlitemedical.com\\\/nl\\\/over-ziekte-beeld\\\/#primaryimage\"},\"image\":{\"@id\":\"https:\\\/\\\/www.enlitemedical.com\\\/nl\\\/over-ziekte-beeld\\\/#primaryimage\"},\"thumbnailUrl\":\"https:\\\/\\\/www.enlitemedical.com\\\/wp-content\\\/uploads\\\/2021\\\/09\\\/Michiel-ENLITE-cartoon.png\",\"datePublished\":\"2021-07-20T12:46:36+00:00\",\"dateModified\":\"2021-11-16T13:03:34+00:00\",\"breadcrumb\":{\"@id\":\"https:\\\/\\\/www.enlitemedical.com\\\/nl\\\/over-ziekte-beeld\\\/#breadcrumb\"},\"inLanguage\":\"nl-NL\",\"potentialAction\":[{\"@type\":\"ReadAction\",\"target\":[\"https:\\\/\\\/www.enlitemedical.com\\\/nl\\\/over-ziekte-beeld\\\/\"]}]},{\"@type\":\"ImageObject\",\"inLanguage\":\"nl-NL\",\"@id\":\"https:\\\/\\\/www.enlitemedical.com\\\/nl\\\/over-ziekte-beeld\\\/#primaryimage\",\"url\":\"https:\\\/\\\/www.enlitemedical.com\\\/wp-content\\\/uploads\\\/2021\\\/09\\\/Michiel-ENLITE-cartoon.png\",\"contentUrl\":\"https:\\\/\\\/www.enlitemedical.com\\\/wp-content\\\/uploads\\\/2021\\\/09\\\/Michiel-ENLITE-cartoon.png\"},{\"@type\":\"BreadcrumbList\",\"@id\":\"https:\\\/\\\/www.enlitemedical.com\\\/nl\\\/over-ziekte-beeld\\\/#breadcrumb\",\"itemListElement\":[{\"@type\":\"ListItem\",\"position\":1,\"name\":\"Home\",\"item\":\"https:\\\/\\\/www.enlitemedical.com\\\/nl\\\/\"},{\"@type\":\"ListItem\",\"position\":2,\"name\":\"Over Ziekte-beeld\"}]},{\"@type\":\"WebSite\",\"@id\":\"https:\\\/\\\/www.enlitemedical.com\\\/nl\\\/#website\",\"url\":\"https:\\\/\\\/www.enlitemedical.com\\\/nl\\\/\",\"name\":\"Ziekte-beeld\",\"description\":\"Zorg dat iedereen het begrijpt!\",\"potentialAction\":[{\"@type\":\"SearchAction\",\"target\":{\"@type\":\"EntryPoint\",\"urlTemplate\":\"https:\\\/\\\/www.enlitemedical.com\\\/nl\\\/?s={search_term_string}\"},\"query-input\":{\"@type\":\"PropertyValueSpecification\",\"valueRequired\":true,\"valueName\":\"search_term_string\"}}],\"inLanguage\":\"nl-NL\"}]}<\/script>\n<!-- \/ Yoast SEO plugin. -->","yoast_head_json":{"title":"Over Ziekte-beeld - Ziekte-beeld","robots":{"index":"index","follow":"follow","max-snippet":"max-snippet:-1","max-image-preview":"max-image-preview:large","max-video-preview":"max-video-preview:-1"},"canonical":"https:\/\/www.enlitemedical.com\/nl\/over-ziekte-beeld\/","og_locale":"nl_NL","og_type":"article","og_title":"Over Ziekte-beeld - Ziekte-beeld","og_description":"Ziekte-beeld.nl is een platform voor animaties waarmee pati\u00ebnten kunnen worden voorgelicht v\u00f3\u00f3r, tijdens en na hun bezoek aan de polikliniek. Hiermee ontstaat een betere begeleiding voor de pati\u00ebnt, kan het consult in de spreekkamer op een gelijkwaardiger manier plaatsvinden en heeft de arts minder tijdsdruk, en meer aandacht voor de pati\u00ebnt.\u200b De eerste poliklinieken zijn [&hellip;]","og_url":"https:\/\/www.enlitemedical.com\/nl\/over-ziekte-beeld\/","og_site_name":"Ziekte-beeld","article_modified_time":"2021-11-16T13:03:34+00:00","og_image":[{"url":"https:\/\/www.enlitemedical.com\/wp-content\/uploads\/2021\/09\/Michiel-ENLITE-cartoon.png","type":"","width":"","height":""}],"twitter_card":"summary_large_image","twitter_misc":{"Geschatte leestijd":"2 minuten"},"schema":{"@context":"https:\/\/schema.org","@graph":[{"@type":"WebPage","@id":"https:\/\/www.enlitemedical.com\/nl\/over-ziekte-beeld\/","url":"https:\/\/www.enlitemedical.com\/nl\/over-ziekte-beeld\/","name":"Over Ziekte-beeld - Ziekte-beeld","isPartOf":{"@id":"https:\/\/www.enlitemedical.com\/nl\/#website"},"primaryImageOfPage":{"@id":"https:\/\/www.enlitemedical.com\/nl\/over-ziekte-beeld\/#primaryimage"},"image":{"@id":"https:\/\/www.enlitemedical.com\/nl\/over-ziekte-beeld\/#primaryimage"},"thumbnailUrl":"https:\/\/www.enlitemedical.com\/wp-content\/uploads\/2021\/09\/Michiel-ENLITE-cartoon.png","datePublished":"2021-07-20T12:46:36+00:00","dateModified":"2021-11-16T13:03:34+00:00","breadcrumb":{"@id":"https:\/\/www.enlitemedical.com\/nl\/over-ziekte-beeld\/#breadcrumb"},"inLanguage":"nl-NL","potentialAction":[{"@type":"ReadAction","target":["https:\/\/www.enlitemedical.com\/nl\/over-ziekte-beeld\/"]}]},{"@type":"ImageObject","inLanguage":"nl-NL","@id":"https:\/\/www.enlitemedical.com\/nl\/over-ziekte-beeld\/#primaryimage","url":"https:\/\/www.enlitemedical.com\/wp-content\/uploads\/2021\/09\/Michiel-ENLITE-cartoon.png","contentUrl":"https:\/\/www.enlitemedical.com\/wp-content\/uploads\/2021\/09\/Michiel-ENLITE-cartoon.png"},{"@type":"BreadcrumbList","@id":"https:\/\/www.enlitemedical.com\/nl\/over-ziekte-beeld\/#breadcrumb","itemListElement":[{"@type":"ListItem","position":1,"name":"Home","item":"https:\/\/www.enlitemedical.com\/nl\/"},{"@type":"ListItem","position":2,"name":"Over Ziekte-beeld"}]},{"@type":"WebSite","@id":"https:\/\/www.enlitemedical.com\/nl\/#website","url":"https:\/\/www.enlitemedical.com\/nl\/","name":"Ziekte-beeld","description":"Zorg dat iedereen het begrijpt!","potentialAction":[{"@type":"SearchAction","target":{"@type":"EntryPoint","urlTemplate":"https:\/\/www.enlitemedical.com\/nl\/?s={search_term_string}"},"query-input":{"@type":"PropertyValueSpecification","valueRequired":true,"valueName":"search_term_string"}}],"inLanguage":"nl-NL"}]}},"_links":{"self":[{"href":"https:\/\/www.enlitemedical.com\/nl\/wp-json\/wp\/v2\/pages\/42","targetHints":{"allow":["GET"]}}],"collection":[{"href":"https:\/\/www.enlitemedical.com\/nl\/wp-json\/wp\/v2\/pages"}],"about":[{"href":"https:\/\/www.enlitemedical.com\/nl\/wp-json\/wp\/v2\/types\/page"}],"author":[{"embeddable":true,"href":"https:\/\/www.enlitemedical.com\/nl\/wp-json\/wp\/v2\/users\/1"}],"replies":[{"embeddable":true,"href":"https:\/\/www.enlitemedical.com\/nl\/wp-json\/wp\/v2\/comments?post=42"}],"version-history":[{"count":12,"href":"https:\/\/www.enlitemedical.com\/nl\/wp-json\/wp\/v2\/pages\/42\/revisions"}],"predecessor-version":[{"id":384,"href":"https:\/\/www.enlitemedical.com\/nl\/wp-json\/wp\/v2\/pages\/42\/revisions\/384"}],"wp:attachment":[{"href":"https:\/\/www.enlitemedical.com\/nl\/wp-json\/wp\/v2\/media?parent=42"}],"curies":[{"name":"wp","href":"https:\/\/api.w.org\/{rel}","templated":true}]}}