{"id":40,"date":"2021-07-20T14:46:19","date_gmt":"2021-07-20T12:46:19","guid":{"rendered":"https:\/\/www.enlitemedical.com\/?page_id=40"},"modified":"2022-12-12T09:47:29","modified_gmt":"2022-12-12T08:47:29","slug":"hoe-werkt-het","status":"publish","type":"page","link":"https:\/\/www.enlitemedical.com\/nl\/hoe-werkt-het\/","title":{"rendered":"Hoe werkt het"},"content":{"rendered":"\n<p>Als dokter is het soms lastig om in beperkte tijd de juiste informatie over te brengen op je pati\u00ebnt. Soms is er een taalbarri\u00e8re, of een kenniskloof, hoe dan ook: niet altijd komt alle informatie goed over. Door de inzet van ziekte-beeld, kan je de pati\u00ebnt beter informeren, en echt s\u00e1men beslissen over de vervolgstappen.<\/p>\n\n\n\n<div class=\"wp-block-media-text is-stacked-on-mobile\" style=\"grid-template-columns:15% auto\"><figure class=\"wp-block-media-text__media\"><img loading=\"lazy\" decoding=\"async\" width=\"640\" height=\"640\" src=\"https:\/\/www.enlitemedical.com\/wp-content\/uploads\/2021\/09\/mail-versturen-button-1.png\" alt=\"\" class=\"wp-image-327 size-full\" srcset=\"https:\/\/www.enlitemedical.com\/wp-content\/uploads\/2021\/09\/mail-versturen-button-1.png 640w, https:\/\/www.enlitemedical.com\/wp-content\/uploads\/2021\/09\/mail-versturen-button-1-300x300.png 300w, https:\/\/www.enlitemedical.com\/wp-content\/uploads\/2021\/09\/mail-versturen-button-1-150x150.png 150w, https:\/\/www.enlitemedical.com\/wp-content\/uploads\/2021\/09\/mail-versturen-button-1-250x250.png 250w, https:\/\/www.enlitemedical.com\/wp-content\/uploads\/2021\/09\/mail-versturen-button-1-500x500.png 500w\" sizes=\"auto, (max-width: 640px) 100vw, 640px\" \/><\/figure><div class=\"wp-block-media-text__content\">\n<p>De arts of poli-medewerker selecteert eenvoudig de juiste diagnose, en vult het e-mail adres in van de pati\u00ebnt of een contactpersoon. <strong>Met \u00e9\u00e9n klik<\/strong> wordt dan precies d\u00ede informatie verstuurd die de pati\u00ebnt nodig heeft.<\/p>\n<\/div><\/div>\n\n\n\n<div class=\"wp-block-media-text is-stacked-on-mobile\" style=\"grid-template-columns:15% auto\"><figure class=\"wp-block-media-text__media\"><img loading=\"lazy\" decoding=\"async\" width=\"640\" height=\"640\" src=\"https:\/\/www.enlitemedical.com\/wp-content\/uploads\/2022\/12\/HIX-button-1.png\" alt=\"\" class=\"wp-image-523 size-full\" srcset=\"https:\/\/www.enlitemedical.com\/wp-content\/uploads\/2022\/12\/HIX-button-1.png 640w, https:\/\/www.enlitemedical.com\/wp-content\/uploads\/2022\/12\/HIX-button-1-300x300.png 300w, https:\/\/www.enlitemedical.com\/wp-content\/uploads\/2022\/12\/HIX-button-1-150x150.png 150w, https:\/\/www.enlitemedical.com\/wp-content\/uploads\/2022\/12\/HIX-button-1-250x250.png 250w, https:\/\/www.enlitemedical.com\/wp-content\/uploads\/2022\/12\/HIX-button-1-500x500.png 500w\" sizes=\"auto, (max-width: 640px) 100vw, 640px\" \/><\/figure><div class=\"wp-block-media-text__content\">\n<p>Ook is het mogelijk om de voorlichting simpelweg met een <strong>vinkje in HIX <\/strong>klaar te zetten voor de pati\u00ebnt in het pati\u00ebntenportaal. Gemakkelijk, en als onderdeel van de huidige workflow. Net zo makkelijk!<\/p>\n<\/div><\/div>\n\n\n\n<div class=\"wp-block-media-text is-stacked-on-mobile\" style=\"grid-template-columns:15% auto\"><figure class=\"wp-block-media-text__media\"><img loading=\"lazy\" decoding=\"async\" width=\"640\" height=\"640\" src=\"https:\/\/www.enlitemedical.com\/wp-content\/uploads\/2021\/09\/simpele-animaties-button-1.png\" alt=\"\" class=\"wp-image-330 size-full\" srcset=\"https:\/\/www.enlitemedical.com\/wp-content\/uploads\/2021\/09\/simpele-animaties-button-1.png 640w, https:\/\/www.enlitemedical.com\/wp-content\/uploads\/2021\/09\/simpele-animaties-button-1-300x300.png 300w, https:\/\/www.enlitemedical.com\/wp-content\/uploads\/2021\/09\/simpele-animaties-button-1-150x150.png 150w, https:\/\/www.enlitemedical.com\/wp-content\/uploads\/2021\/09\/simpele-animaties-button-1-250x250.png 250w, https:\/\/www.enlitemedical.com\/wp-content\/uploads\/2021\/09\/simpele-animaties-button-1-500x500.png 500w\" sizes=\"auto, (max-width: 640px) 100vw, 640px\" \/><\/figure><div class=\"wp-block-media-text__content\">\n<p>De voorlichting bestaat uit een paar <strong>korte animaties<\/strong> over hoe de ziekte is ontstaan en wat er aan te doen is. Altijd up-to-date, en bovendien meertalig beschikbaar. De pati\u00ebnt kan ze zo vaak als nodig terug kijken, in de taal van keuze. <\/p>\n<\/div><\/div>\n\n\n\n<div class=\"wp-block-media-text is-stacked-on-mobile\" style=\"grid-template-columns:15% auto\"><figure class=\"wp-block-media-text__media\"><img loading=\"lazy\" decoding=\"async\" width=\"640\" height=\"640\" src=\"https:\/\/www.enlitemedical.com\/wp-content\/uploads\/2021\/09\/samen-beter-button-1.png\" alt=\"\" class=\"wp-image-332 size-full\" srcset=\"https:\/\/www.enlitemedical.com\/wp-content\/uploads\/2021\/09\/samen-beter-button-1.png 640w, https:\/\/www.enlitemedical.com\/wp-content\/uploads\/2021\/09\/samen-beter-button-1-300x300.png 300w, https:\/\/www.enlitemedical.com\/wp-content\/uploads\/2021\/09\/samen-beter-button-1-150x150.png 150w, https:\/\/www.enlitemedical.com\/wp-content\/uploads\/2021\/09\/samen-beter-button-1-250x250.png 250w, https:\/\/www.enlitemedical.com\/wp-content\/uploads\/2021\/09\/samen-beter-button-1-500x500.png 500w\" sizes=\"auto, (max-width: 640px) 100vw, 640px\" \/><\/figure><div class=\"wp-block-media-text__content\">\n<p>Een goed ge\u00efnformeerde levert een gezonde samenwerking met de dokter op. Beslissingen worden \u00e9cht samen genomen. Dit bevordert het inzicht, zelfmanagement en de therapietrouw \u00e9n leidt tot een <strong>betere uitkomst van<\/strong> <strong>zorg!<\/strong><\/p>\n<\/div><\/div>\n\n\n\n<div class=\"wp-block-buttons is-horizontal is-content-justification-center is-layout-flex wp-container-core-buttons-is-layout-499968f5 wp-block-buttons-is-layout-flex\">\n<div class=\"wp-block-button\"><a class=\"wp-block-button__link wp-element-button\" href=\"https:\/\/www.enlitemedical.com\/nl\/sign-up\/\">KLIK HIER OM MEE TE DOEN!<\/a><\/div>\n<\/div>\n","protected":false},"excerpt":{"rendered":"<p>Als dokter is het soms lastig om in beperkte tijd de juiste informatie over te brengen op je pati\u00ebnt. Soms is er een taalbarri\u00e8re, of een kenniskloof, hoe dan ook: niet altijd komt alle informatie goed over. Door de inzet van ziekte-beeld, kan je de pati\u00ebnt beter informeren, en echt s\u00e1men beslissen over de vervolgstappen. [&hellip;]<\/p>\n","protected":false},"author":1,"featured_media":0,"parent":0,"menu_order":0,"comment_status":"closed","ping_status":"closed","template":"","meta":{"footnotes":""},"class_list":["post-40","page","type-page","status-publish","hentry"],"yoast_head":"<!-- This site is optimized with the Yoast SEO plugin v27.4 - https:\/\/yoast.com\/product\/yoast-seo-wordpress\/ -->\n<title>Hoe werkt het - Ziekte-beeld<\/title>\n<meta name=\"robots\" content=\"index, follow, max-snippet:-1, max-image-preview:large, max-video-preview:-1\" \/>\n<link rel=\"canonical\" href=\"https:\/\/www.enlitemedical.com\/nl\/hoe-werkt-het\/\" \/>\n<meta property=\"og:locale\" content=\"nl_NL\" \/>\n<meta property=\"og:type\" content=\"article\" \/>\n<meta property=\"og:title\" content=\"Hoe werkt het - Ziekte-beeld\" \/>\n<meta property=\"og:description\" content=\"Als dokter is het soms lastig om in beperkte tijd de juiste informatie over te brengen op je pati\u00ebnt. Soms is er een taalbarri\u00e8re, of een kenniskloof, hoe dan ook: niet altijd komt alle informatie goed over. Door de inzet van ziekte-beeld, kan je de pati\u00ebnt beter informeren, en echt s\u00e1men beslissen over de vervolgstappen. [&hellip;]\" \/>\n<meta property=\"og:url\" content=\"https:\/\/www.enlitemedical.com\/nl\/hoe-werkt-het\/\" \/>\n<meta property=\"og:site_name\" content=\"Ziekte-beeld\" \/>\n<meta property=\"article:modified_time\" content=\"2022-12-12T08:47:29+00:00\" \/>\n<meta property=\"og:image\" content=\"https:\/\/www.enlitemedical.com\/wp-content\/uploads\/2021\/09\/mail-versturen-button-1.png\" \/>\n<meta name=\"twitter:card\" content=\"summary_large_image\" \/>\n<meta name=\"twitter:label1\" content=\"Geschatte leestijd\" \/>\n\t<meta name=\"twitter:data1\" content=\"2 minuten\" \/>\n<script type=\"application\/ld+json\" class=\"yoast-schema-graph\">{\"@context\":\"https:\\\/\\\/schema.org\",\"@graph\":[{\"@type\":\"WebPage\",\"@id\":\"https:\\\/\\\/www.enlitemedical.com\\\/nl\\\/hoe-werkt-het\\\/\",\"url\":\"https:\\\/\\\/www.enlitemedical.com\\\/nl\\\/hoe-werkt-het\\\/\",\"name\":\"Hoe werkt het - Ziekte-beeld\",\"isPartOf\":{\"@id\":\"https:\\\/\\\/www.enlitemedical.com\\\/nl\\\/#website\"},\"primaryImageOfPage\":{\"@id\":\"https:\\\/\\\/www.enlitemedical.com\\\/nl\\\/hoe-werkt-het\\\/#primaryimage\"},\"image\":{\"@id\":\"https:\\\/\\\/www.enlitemedical.com\\\/nl\\\/hoe-werkt-het\\\/#primaryimage\"},\"thumbnailUrl\":\"https:\\\/\\\/www.enlitemedical.com\\\/wp-content\\\/uploads\\\/2021\\\/09\\\/mail-versturen-button-1.png\",\"datePublished\":\"2021-07-20T12:46:19+00:00\",\"dateModified\":\"2022-12-12T08:47:29+00:00\",\"breadcrumb\":{\"@id\":\"https:\\\/\\\/www.enlitemedical.com\\\/nl\\\/hoe-werkt-het\\\/#breadcrumb\"},\"inLanguage\":\"nl-NL\",\"potentialAction\":[{\"@type\":\"ReadAction\",\"target\":[\"https:\\\/\\\/www.enlitemedical.com\\\/nl\\\/hoe-werkt-het\\\/\"]}]},{\"@type\":\"ImageObject\",\"inLanguage\":\"nl-NL\",\"@id\":\"https:\\\/\\\/www.enlitemedical.com\\\/nl\\\/hoe-werkt-het\\\/#primaryimage\",\"url\":\"https:\\\/\\\/www.enlitemedical.com\\\/wp-content\\\/uploads\\\/2021\\\/09\\\/mail-versturen-button-1.png\",\"contentUrl\":\"https:\\\/\\\/www.enlitemedical.com\\\/wp-content\\\/uploads\\\/2021\\\/09\\\/mail-versturen-button-1.png\"},{\"@type\":\"BreadcrumbList\",\"@id\":\"https:\\\/\\\/www.enlitemedical.com\\\/nl\\\/hoe-werkt-het\\\/#breadcrumb\",\"itemListElement\":[{\"@type\":\"ListItem\",\"position\":1,\"name\":\"Home\",\"item\":\"https:\\\/\\\/www.enlitemedical.com\\\/nl\\\/\"},{\"@type\":\"ListItem\",\"position\":2,\"name\":\"Hoe werkt het\"}]},{\"@type\":\"WebSite\",\"@id\":\"https:\\\/\\\/www.enlitemedical.com\\\/nl\\\/#website\",\"url\":\"https:\\\/\\\/www.enlitemedical.com\\\/nl\\\/\",\"name\":\"Ziekte-beeld\",\"description\":\"Zorg dat iedereen het begrijpt!\",\"potentialAction\":[{\"@type\":\"SearchAction\",\"target\":{\"@type\":\"EntryPoint\",\"urlTemplate\":\"https:\\\/\\\/www.enlitemedical.com\\\/nl\\\/?s={search_term_string}\"},\"query-input\":{\"@type\":\"PropertyValueSpecification\",\"valueRequired\":true,\"valueName\":\"search_term_string\"}}],\"inLanguage\":\"nl-NL\"}]}<\/script>\n<!-- \/ Yoast SEO plugin. -->","yoast_head_json":{"title":"Hoe werkt het - Ziekte-beeld","robots":{"index":"index","follow":"follow","max-snippet":"max-snippet:-1","max-image-preview":"max-image-preview:large","max-video-preview":"max-video-preview:-1"},"canonical":"https:\/\/www.enlitemedical.com\/nl\/hoe-werkt-het\/","og_locale":"nl_NL","og_type":"article","og_title":"Hoe werkt het - Ziekte-beeld","og_description":"Als dokter is het soms lastig om in beperkte tijd de juiste informatie over te brengen op je pati\u00ebnt. Soms is er een taalbarri\u00e8re, of een kenniskloof, hoe dan ook: niet altijd komt alle informatie goed over. Door de inzet van ziekte-beeld, kan je de pati\u00ebnt beter informeren, en echt s\u00e1men beslissen over de vervolgstappen. [&hellip;]","og_url":"https:\/\/www.enlitemedical.com\/nl\/hoe-werkt-het\/","og_site_name":"Ziekte-beeld","article_modified_time":"2022-12-12T08:47:29+00:00","og_image":[{"url":"https:\/\/www.enlitemedical.com\/wp-content\/uploads\/2021\/09\/mail-versturen-button-1.png","type":"","width":"","height":""}],"twitter_card":"summary_large_image","twitter_misc":{"Geschatte leestijd":"2 minuten"},"schema":{"@context":"https:\/\/schema.org","@graph":[{"@type":"WebPage","@id":"https:\/\/www.enlitemedical.com\/nl\/hoe-werkt-het\/","url":"https:\/\/www.enlitemedical.com\/nl\/hoe-werkt-het\/","name":"Hoe werkt het - Ziekte-beeld","isPartOf":{"@id":"https:\/\/www.enlitemedical.com\/nl\/#website"},"primaryImageOfPage":{"@id":"https:\/\/www.enlitemedical.com\/nl\/hoe-werkt-het\/#primaryimage"},"image":{"@id":"https:\/\/www.enlitemedical.com\/nl\/hoe-werkt-het\/#primaryimage"},"thumbnailUrl":"https:\/\/www.enlitemedical.com\/wp-content\/uploads\/2021\/09\/mail-versturen-button-1.png","datePublished":"2021-07-20T12:46:19+00:00","dateModified":"2022-12-12T08:47:29+00:00","breadcrumb":{"@id":"https:\/\/www.enlitemedical.com\/nl\/hoe-werkt-het\/#breadcrumb"},"inLanguage":"nl-NL","potentialAction":[{"@type":"ReadAction","target":["https:\/\/www.enlitemedical.com\/nl\/hoe-werkt-het\/"]}]},{"@type":"ImageObject","inLanguage":"nl-NL","@id":"https:\/\/www.enlitemedical.com\/nl\/hoe-werkt-het\/#primaryimage","url":"https:\/\/www.enlitemedical.com\/wp-content\/uploads\/2021\/09\/mail-versturen-button-1.png","contentUrl":"https:\/\/www.enlitemedical.com\/wp-content\/uploads\/2021\/09\/mail-versturen-button-1.png"},{"@type":"BreadcrumbList","@id":"https:\/\/www.enlitemedical.com\/nl\/hoe-werkt-het\/#breadcrumb","itemListElement":[{"@type":"ListItem","position":1,"name":"Home","item":"https:\/\/www.enlitemedical.com\/nl\/"},{"@type":"ListItem","position":2,"name":"Hoe werkt het"}]},{"@type":"WebSite","@id":"https:\/\/www.enlitemedical.com\/nl\/#website","url":"https:\/\/www.enlitemedical.com\/nl\/","name":"Ziekte-beeld","description":"Zorg dat iedereen het begrijpt!","potentialAction":[{"@type":"SearchAction","target":{"@type":"EntryPoint","urlTemplate":"https:\/\/www.enlitemedical.com\/nl\/?s={search_term_string}"},"query-input":{"@type":"PropertyValueSpecification","valueRequired":true,"valueName":"search_term_string"}}],"inLanguage":"nl-NL"}]}},"_links":{"self":[{"href":"https:\/\/www.enlitemedical.com\/nl\/wp-json\/wp\/v2\/pages\/40","targetHints":{"allow":["GET"]}}],"collection":[{"href":"https:\/\/www.enlitemedical.com\/nl\/wp-json\/wp\/v2\/pages"}],"about":[{"href":"https:\/\/www.enlitemedical.com\/nl\/wp-json\/wp\/v2\/types\/page"}],"author":[{"embeddable":true,"href":"https:\/\/www.enlitemedical.com\/nl\/wp-json\/wp\/v2\/users\/1"}],"replies":[{"embeddable":true,"href":"https:\/\/www.enlitemedical.com\/nl\/wp-json\/wp\/v2\/comments?post=40"}],"version-history":[{"count":12,"href":"https:\/\/www.enlitemedical.com\/nl\/wp-json\/wp\/v2\/pages\/40\/revisions"}],"predecessor-version":[{"id":529,"href":"https:\/\/www.enlitemedical.com\/nl\/wp-json\/wp\/v2\/pages\/40\/revisions\/529"}],"wp:attachment":[{"href":"https:\/\/www.enlitemedical.com\/nl\/wp-json\/wp\/v2\/media?parent=40"}],"curies":[{"name":"wp","href":"https:\/\/api.w.org\/{rel}","templated":true}]}}